{"id":661,"date":"2023-05-24T15:14:58","date_gmt":"2023-05-24T12:14:58","guid":{"rendered":"https:\/\/rentacar-lesvos.com\/archiki\/"},"modified":"2024-01-05T09:35:07","modified_gmt":"2024-01-05T07:35:07","slug":"archiki","status":"publish","type":"page","link":"https:\/\/rentacar-lesvos.com\/tr\/","title":{"rendered":"Ev"},"content":{"rendered":"","protected":false},"excerpt":{"rendered":"<p> [&#8230;]<\/p>\n<p><a class=\"btn btn-secondary understrap-read-more-link\" href=\"https:\/\/rentacar-lesvos.com\/tr\/\">Daha fazlas\u0131n\u0131 oku\u2026<span class=\"screen-reader-text\"> from Ev<\/span><\/a><\/p>\n","protected":false},"author":1,"featured_media":663,"parent":0,"menu_order":0,"comment_status":"closed","ping_status":"closed","template":"template-home.php","meta":{"footnotes":""},"yoast_head":"<!-- This site is optimized with the Yoast SEO plugin v23.4 - https:\/\/yoast.com\/wordpress\/plugins\/seo\/ -->\n<title>Midilli - Midilli Ara\u00e7 Kiralama<\/title>\n<meta name=\"description\" content=\"Midilli&#039;de g\u00fcnl\u00fck 20\u20ac&#039;dan ba\u015flayan fiyatlarla ara\u00e7 kiralama! Midilli Liman\u0131 ve Havaalan\u0131na teslimat. 24 saat hizmet.\" \/>\n<meta name=\"robots\" content=\"index, follow, max-snippet:-1, max-image-preview:large, max-video-preview:-1\" \/>\n<link rel=\"canonical\" href=\"https:\/\/rentacar-lesvos.com\/tr\/\" \/>\n<meta property=\"og:locale\" content=\"tr_TR\" \/>\n<meta property=\"og:type\" content=\"article\" \/>\n<meta property=\"og:title\" content=\"Midilli - Midilli Ara\u00e7 Kiralama\" \/>\n<meta property=\"og:description\" content=\"Midilli&#039;de g\u00fcnl\u00fck 20\u20ac&#039;dan ba\u015flayan fiyatlarla ara\u00e7 kiralama! Midilli Liman\u0131 ve Havaalan\u0131na teslimat. 24 saat hizmet.\" \/>\n<meta property=\"og:url\" content=\"https:\/\/rentacar-lesvos.com\/tr\/\" \/>\n<meta property=\"og:site_name\" content=\"\u0395\u03bd\u03bf\u03b9\u03ba\u03af\u03b1\u03c3\u03b7 \u03b1\u03c5\u03c4\u03bf\u03ba\u03b9\u03bd\u03ae\u03c4\u03bf\u03c5 \u03c3\u03c4\u03b7 \u039c\u03c5\u03c4\u03b9\u03bb\u03ae\u03bd\u03b7\" \/>\n<meta property=\"article:publisher\" content=\"https:\/\/www.facebook.com\/profile.php?id=100043677109517\" \/>\n<meta property=\"article:modified_time\" content=\"2024-01-05T07:35:07+00:00\" \/>\n<meta property=\"og:image\" content=\"https:\/\/rentacar-lesvos.com\/wp-content\/uploads\/2023\/06\/2-1.jpg\" \/>\n\t<meta property=\"og:image:width\" content=\"1920\" \/>\n\t<meta property=\"og:image:height\" content=\"860\" \/>\n\t<meta property=\"og:image:type\" content=\"image\/jpeg\" \/>\n<meta name=\"twitter:card\" content=\"summary_large_image\" \/>\n<meta name=\"twitter:label1\" content=\"Tahmini okuma s\u00fcresi\" \/>\n\t<meta name=\"twitter:data1\" content=\"1 dakika\" \/>\n<script type=\"application\/ld+json\" class=\"yoast-schema-graph\">{\"@context\":\"https:\/\/schema.org\",\"@graph\":[{\"@type\":\"WebPage\",\"@id\":\"https:\/\/rentacar-lesvos.com\/tr\/\",\"url\":\"https:\/\/rentacar-lesvos.com\/tr\/\",\"name\":\"Midilli - Midilli Ara\u00e7 Kiralama\",\"isPartOf\":{\"@id\":\"https:\/\/rentacar-lesvos.com\/#website\"},\"primaryImageOfPage\":{\"@id\":\"https:\/\/rentacar-lesvos.com\/tr\/#primaryimage\"},\"image\":{\"@id\":\"https:\/\/rentacar-lesvos.com\/tr\/#primaryimage\"},\"thumbnailUrl\":\"https:\/\/rentacar-lesvos.com\/wp-content\/uploads\/2023\/06\/2-1.jpg\",\"datePublished\":\"2023-05-24T12:14:58+00:00\",\"dateModified\":\"2024-01-05T07:35:07+00:00\",\"description\":\"Midilli'de g\u00fcnl\u00fck 20\u20ac'dan ba\u015flayan fiyatlarla ara\u00e7 kiralama! Midilli Liman\u0131 ve Havaalan\u0131na teslimat. 24 saat hizmet.\",\"breadcrumb\":{\"@id\":\"https:\/\/rentacar-lesvos.com\/tr\/#breadcrumb\"},\"inLanguage\":\"tr\",\"potentialAction\":[{\"@type\":\"ReadAction\",\"target\":[\"https:\/\/rentacar-lesvos.com\/tr\/\"]}]},{\"@type\":\"ImageObject\",\"inLanguage\":\"tr\",\"@id\":\"https:\/\/rentacar-lesvos.com\/tr\/#primaryimage\",\"url\":\"https:\/\/rentacar-lesvos.com\/wp-content\/uploads\/2023\/06\/2-1.jpg\",\"contentUrl\":\"https:\/\/rentacar-lesvos.com\/wp-content\/uploads\/2023\/06\/2-1.jpg\",\"width\":1920,\"height\":860,\"caption\":\"DCIM100MEDIA\"},{\"@type\":\"BreadcrumbList\",\"@id\":\"https:\/\/rentacar-lesvos.com\/tr\/#breadcrumb\",\"itemListElement\":[{\"@type\":\"ListItem\",\"position\":1,\"name\":\"\u0391\u03c1\u03c7\u03b9\u03ba\u03ae\",\"item\":\"https:\/\/rentacar-lesvos.com\/tr\/\"},{\"@type\":\"ListItem\",\"position\":2,\"name\":\"Ev\"}]},{\"@type\":\"WebSite\",\"@id\":\"https:\/\/rentacar-lesvos.com\/#website\",\"url\":\"https:\/\/rentacar-lesvos.com\/\",\"name\":\"Aeolian Rent a Car\",\"description\":\"\u03a0\u03b1\u03c1\u03ac\u03b4\u03bf\u03c3\u03b7 \u03b5\u03bd\u03bf\u03b9\u03ba\u03b9\u03b1\u03b6\u03cc\u03bc\u03b5\u03bd\u03bf\u03c5 \u03bf\u03c7\u03ae\u03bc\u03b1\u03c4\u03bf\u03c2 \u03c3\u03c4\u03bf \u03b1\u03b5\u03c1\u03bf\u03b4\u03c1\u03cc\u03bc\u03b9\u03bf \u03ba\u03b1\u03b9 \u03c3\u03c4\u03bf \u03bb\u03b9\u03bc\u03ac\u03bd\u03b9 \u03c4\u03b7\u03c2 \u039b\u03b5\u03c3\u03b2\u03bf\u03c5\",\"publisher\":{\"@id\":\"https:\/\/rentacar-lesvos.com\/#organization\"},\"potentialAction\":[{\"@type\":\"SearchAction\",\"target\":{\"@type\":\"EntryPoint\",\"urlTemplate\":\"https:\/\/rentacar-lesvos.com\/?s={search_term_string}\"},\"query-input\":{\"@type\":\"PropertyValueSpecification\",\"valueRequired\":true,\"valueName\":\"search_term_string\"}}],\"inLanguage\":\"tr\"},{\"@type\":\"Organization\",\"@id\":\"https:\/\/rentacar-lesvos.com\/#organization\",\"name\":\"Aeolian Rent a Car\",\"url\":\"https:\/\/rentacar-lesvos.com\/\",\"logo\":{\"@type\":\"ImageObject\",\"inLanguage\":\"tr\",\"@id\":\"https:\/\/rentacar-lesvos.com\/#\/schema\/logo\/image\/\",\"url\":\"https:\/\/rentacar-lesvos.com\/wp-content\/uploads\/2023\/05\/logo-aiolian.png\",\"contentUrl\":\"https:\/\/rentacar-lesvos.com\/wp-content\/uploads\/2023\/05\/logo-aiolian.png\",\"width\":500,\"height\":102,\"caption\":\"Aeolian Rent a Car\"},\"image\":{\"@id\":\"https:\/\/rentacar-lesvos.com\/#\/schema\/logo\/image\/\"},\"sameAs\":[\"https:\/\/www.facebook.com\/profile.php?id=100043677109517\"]}]}<\/script>\n<!-- \/ Yoast SEO plugin. -->","yoast_head_json":{"title":"Midilli - Midilli Ara\u00e7 Kiralama","description":"Midilli'de g\u00fcnl\u00fck 20\u20ac'dan ba\u015flayan fiyatlarla ara\u00e7 kiralama! Midilli Liman\u0131 ve Havaalan\u0131na teslimat. 24 saat hizmet.","robots":{"index":"index","follow":"follow","max-snippet":"max-snippet:-1","max-image-preview":"max-image-preview:large","max-video-preview":"max-video-preview:-1"},"canonical":"https:\/\/rentacar-lesvos.com\/tr\/","og_locale":"tr_TR","og_type":"article","og_title":"Midilli - Midilli Ara\u00e7 Kiralama","og_description":"Midilli'de g\u00fcnl\u00fck 20\u20ac'dan ba\u015flayan fiyatlarla ara\u00e7 kiralama! Midilli Liman\u0131 ve Havaalan\u0131na teslimat. 24 saat hizmet.","og_url":"https:\/\/rentacar-lesvos.com\/tr\/","og_site_name":"\u0395\u03bd\u03bf\u03b9\u03ba\u03af\u03b1\u03c3\u03b7 \u03b1\u03c5\u03c4\u03bf\u03ba\u03b9\u03bd\u03ae\u03c4\u03bf\u03c5 \u03c3\u03c4\u03b7 \u039c\u03c5\u03c4\u03b9\u03bb\u03ae\u03bd\u03b7","article_publisher":"https:\/\/www.facebook.com\/profile.php?id=100043677109517","article_modified_time":"2024-01-05T07:35:07+00:00","og_image":[{"width":1920,"height":860,"url":"https:\/\/rentacar-lesvos.com\/wp-content\/uploads\/2023\/06\/2-1.jpg","type":"image\/jpeg"}],"twitter_card":"summary_large_image","twitter_misc":{"Tahmini okuma s\u00fcresi":"1 dakika"},"schema":{"@context":"https:\/\/schema.org","@graph":[{"@type":"WebPage","@id":"https:\/\/rentacar-lesvos.com\/tr\/","url":"https:\/\/rentacar-lesvos.com\/tr\/","name":"Midilli - Midilli Ara\u00e7 Kiralama","isPartOf":{"@id":"https:\/\/rentacar-lesvos.com\/#website"},"primaryImageOfPage":{"@id":"https:\/\/rentacar-lesvos.com\/tr\/#primaryimage"},"image":{"@id":"https:\/\/rentacar-lesvos.com\/tr\/#primaryimage"},"thumbnailUrl":"https:\/\/rentacar-lesvos.com\/wp-content\/uploads\/2023\/06\/2-1.jpg","datePublished":"2023-05-24T12:14:58+00:00","dateModified":"2024-01-05T07:35:07+00:00","description":"Midilli'de g\u00fcnl\u00fck 20\u20ac'dan ba\u015flayan fiyatlarla ara\u00e7 kiralama! Midilli Liman\u0131 ve Havaalan\u0131na teslimat. 24 saat hizmet.","breadcrumb":{"@id":"https:\/\/rentacar-lesvos.com\/tr\/#breadcrumb"},"inLanguage":"tr","potentialAction":[{"@type":"ReadAction","target":["https:\/\/rentacar-lesvos.com\/tr\/"]}]},{"@type":"ImageObject","inLanguage":"tr","@id":"https:\/\/rentacar-lesvos.com\/tr\/#primaryimage","url":"https:\/\/rentacar-lesvos.com\/wp-content\/uploads\/2023\/06\/2-1.jpg","contentUrl":"https:\/\/rentacar-lesvos.com\/wp-content\/uploads\/2023\/06\/2-1.jpg","width":1920,"height":860,"caption":"DCIM100MEDIA"},{"@type":"BreadcrumbList","@id":"https:\/\/rentacar-lesvos.com\/tr\/#breadcrumb","itemListElement":[{"@type":"ListItem","position":1,"name":"\u0391\u03c1\u03c7\u03b9\u03ba\u03ae","item":"https:\/\/rentacar-lesvos.com\/tr\/"},{"@type":"ListItem","position":2,"name":"Ev"}]},{"@type":"WebSite","@id":"https:\/\/rentacar-lesvos.com\/#website","url":"https:\/\/rentacar-lesvos.com\/","name":"Aeolian Rent a Car","description":"\u03a0\u03b1\u03c1\u03ac\u03b4\u03bf\u03c3\u03b7 \u03b5\u03bd\u03bf\u03b9\u03ba\u03b9\u03b1\u03b6\u03cc\u03bc\u03b5\u03bd\u03bf\u03c5 \u03bf\u03c7\u03ae\u03bc\u03b1\u03c4\u03bf\u03c2 \u03c3\u03c4\u03bf \u03b1\u03b5\u03c1\u03bf\u03b4\u03c1\u03cc\u03bc\u03b9\u03bf \u03ba\u03b1\u03b9 \u03c3\u03c4\u03bf \u03bb\u03b9\u03bc\u03ac\u03bd\u03b9 \u03c4\u03b7\u03c2 \u039b\u03b5\u03c3\u03b2\u03bf\u03c5","publisher":{"@id":"https:\/\/rentacar-lesvos.com\/#organization"},"potentialAction":[{"@type":"SearchAction","target":{"@type":"EntryPoint","urlTemplate":"https:\/\/rentacar-lesvos.com\/?s={search_term_string}"},"query-input":{"@type":"PropertyValueSpecification","valueRequired":true,"valueName":"search_term_string"}}],"inLanguage":"tr"},{"@type":"Organization","@id":"https:\/\/rentacar-lesvos.com\/#organization","name":"Aeolian Rent a Car","url":"https:\/\/rentacar-lesvos.com\/","logo":{"@type":"ImageObject","inLanguage":"tr","@id":"https:\/\/rentacar-lesvos.com\/#\/schema\/logo\/image\/","url":"https:\/\/rentacar-lesvos.com\/wp-content\/uploads\/2023\/05\/logo-aiolian.png","contentUrl":"https:\/\/rentacar-lesvos.com\/wp-content\/uploads\/2023\/05\/logo-aiolian.png","width":500,"height":102,"caption":"Aeolian Rent a Car"},"image":{"@id":"https:\/\/rentacar-lesvos.com\/#\/schema\/logo\/image\/"},"sameAs":["https:\/\/www.facebook.com\/profile.php?id=100043677109517"]}]}},"_links":{"self":[{"href":"https:\/\/rentacar-lesvos.com\/tr\/wp-json\/wp\/v2\/pages\/661"}],"collection":[{"href":"https:\/\/rentacar-lesvos.com\/tr\/wp-json\/wp\/v2\/pages"}],"about":[{"href":"https:\/\/rentacar-lesvos.com\/tr\/wp-json\/wp\/v2\/types\/page"}],"author":[{"embeddable":true,"href":"https:\/\/rentacar-lesvos.com\/tr\/wp-json\/wp\/v2\/users\/1"}],"replies":[{"embeddable":true,"href":"https:\/\/rentacar-lesvos.com\/tr\/wp-json\/wp\/v2\/comments?post=661"}],"version-history":[{"count":1,"href":"https:\/\/rentacar-lesvos.com\/tr\/wp-json\/wp\/v2\/pages\/661\/revisions"}],"predecessor-version":[{"id":664,"href":"https:\/\/rentacar-lesvos.com\/tr\/wp-json\/wp\/v2\/pages\/661\/revisions\/664"}],"wp:featuredmedia":[{"embeddable":true,"href":"https:\/\/rentacar-lesvos.com\/tr\/wp-json\/wp\/v2\/media\/663"}],"wp:attachment":[{"href":"https:\/\/rentacar-lesvos.com\/tr\/wp-json\/wp\/v2\/media?parent=661"}],"curies":[{"name":"wp","href":"https:\/\/api.w.org\/{rel}","templated":true}]}}