{"id":665,"date":"2023-05-24T16:35:57","date_gmt":"2023-05-24T13:35:57","guid":{"rendered":"https:\/\/rentacar-lesvos.com\/schetika-me-emas\/"},"modified":"2024-01-05T09:37:09","modified_gmt":"2024-01-05T07:37:09","slug":"schetika-me-emas","status":"publish","type":"page","link":"https:\/\/rentacar-lesvos.com\/tr\/schetika-me-emas\/","title":{"rendered":"Hakk\u0131m\u0131zda"},"content":{"rendered":"\n<div class=\"wp-block-columns about-us-block is-layout-flex wp-container-core-columns-layout-1 wp-block-columns-is-layout-flex\">\n<div class=\"wp-block-column is-layout-flow wp-block-column-is-layout-flow\" style=\"flex-basis:50%\">\n<p><strong>Aeolian Rent a Car<\/strong>&#8216;da, on y\u0131l\u0131 a\u015fk\u0131n bir s\u00fcredir, ara\u00e7 kiralama bizim i\u00e7in basit bir s\u00fcre\u00e7ten \u00e7ok daha fazlas\u0131 olmu\u015ftur. Bu, m\u00fc\u015fterilerimize pratikte ve ki\u015fisel bir dokunu\u015fla kusursuz bir deneyim sunma f\u0131rsat\u0131m\u0131zd\u0131r.<\/p>\n\n\n\n<p>\u0130lk g\u00fcnden beri vizyonumuz sekt\u00f6r\u00fcm\u00fczde en iyisi olmakt\u0131r. Aeolian&#8217;da bu, y\u00fcksek kalite ve g\u00fcvenilirlikte ara\u00e7lar sunarken, her zaman uygun fiyatlarla m\u00fckemmel bir dizi y\u00fcksek kaliteli hizmet sunmak anlam\u0131na gelir.<\/p>\n\n\n\n<p>Aeolian&#8217;\u0131n ba\u015far\u0131s\u0131n\u0131n tarifi, Midilli, Lesvos&#8217;ta lider ve en h\u0131zl\u0131 b\u00fcy\u00fcyen ara\u00e7 kiralama \u015firketini yaratma konusundaki sars\u0131lmaz kararl\u0131l\u0131\u011f\u0131m\u0131zda yatmaktad\u0131r. S\u00fcrekli olarak geli\u015fmi\u015f medya ve teknolojiye, ama daha da \u00f6nemlisi, ba\u015far\u0131m\u0131z\u0131n en de\u011ferli kayna\u011f\u0131 olarak g\u00f6rd\u00fc\u011f\u00fcm\u00fcz insan potansiyelimize yat\u0131r\u0131m yap\u0131yoruz.<\/p>\n\n\n\n<div class=\"text-center\"><a href=\"https:\/\/rentacar-lesvos.com\/tr\/stolos\/\"><button type=\"button\" class=\"btn btn-primary vrcsearch vrc-pref-color-btn\">Filomuz<\/button><\/a><\/div>\n<\/div>\n\n\n\n<div class=\"wp-block-column is-layout-flow wp-block-column-is-layout-flow\">\n<figure class=\"wp-block-image size-large about-us-img\"><img loading=\"lazy\" decoding=\"async\" width=\"1024\" height=\"576\" src=\"https:\/\/rentacar-lesvos.com\/wp-content\/uploads\/2023\/06\/rentacar-2-1024x576.jpg\" alt=\"\" class=\"wp-image-445\" srcset=\"https:\/\/rentacar-lesvos.com\/wp-content\/uploads\/2023\/06\/rentacar-2-1024x576.jpg 1024w, https:\/\/rentacar-lesvos.com\/wp-content\/uploads\/2023\/06\/rentacar-2-300x169.jpg 300w, https:\/\/rentacar-lesvos.com\/wp-content\/uploads\/2023\/06\/rentacar-2-768x432.jpg 768w, https:\/\/rentacar-lesvos.com\/wp-content\/uploads\/2023\/06\/rentacar-2-1536x864.jpg 1536w, https:\/\/rentacar-lesvos.com\/wp-content\/uploads\/2023\/06\/rentacar-2.jpg 1920w\" sizes=\"(max-width: 1024px) 100vw, 1024px\" \/><\/figure>\n<\/div>\n<\/div>\n\n\n\n<div class=\"wp-block-columns about-us-block is-layout-flex wp-container-core-columns-layout-2 wp-block-columns-is-layout-flex\">\n<div class=\"wp-block-column is-layout-flow wp-block-column-is-layout-flow\">\n<figure class=\"wp-block-image size-large about-us-img\"><img loading=\"lazy\" decoding=\"async\" width=\"1024\" height=\"576\" src=\"https:\/\/rentacar-lesvos.com\/wp-content\/uploads\/2023\/06\/rentacar-1-1024x576.jpg\" alt=\"\" class=\"wp-image-446\" srcset=\"https:\/\/rentacar-lesvos.com\/wp-content\/uploads\/2023\/06\/rentacar-1-1024x576.jpg 1024w, https:\/\/rentacar-lesvos.com\/wp-content\/uploads\/2023\/06\/rentacar-1-300x169.jpg 300w, https:\/\/rentacar-lesvos.com\/wp-content\/uploads\/2023\/06\/rentacar-1-768x432.jpg 768w, https:\/\/rentacar-lesvos.com\/wp-content\/uploads\/2023\/06\/rentacar-1-1536x864.jpg 1536w, https:\/\/rentacar-lesvos.com\/wp-content\/uploads\/2023\/06\/rentacar-1.jpg 1920w\" sizes=\"(max-width: 1024px) 100vw, 1024px\" \/><\/figure>\n<\/div>\n\n\n\n<div class=\"wp-block-column is-layout-flow wp-block-column-is-layout-flow\">\n<p><strong>&#8220;H\u0131z ve g\u00fcvenilirlikle&#8221;<\/strong> slogan\u0131m\u0131z, sundu\u011fumuz her hizmete yans\u0131yor. M\u00fc\u015fterilerimize adan\u0131n t\u00fcm giri\u015f kap\u0131lar\u0131nda, limanda ve havaalan\u0131nda hizmet vermeye her zaman haz\u0131r\u0131z ve sorunsuz ve h\u0131zl\u0131 bir kiralama garantisi veriyoruz.<\/p>\n\n\n\n<p>Aeolian Rent a Car&#8217;da her m\u00fc\u015fterinin farkl\u0131 ihtiya\u00e7lar\u0131n\u0131n fark\u0131nday\u0131z ve bunlar\u0131 kar\u015f\u0131lamak i\u00e7in yorulmadan \u00e7al\u0131\u015f\u0131yoruz. Size hizmet etmek i\u00e7in gerekli ayarlamalar, m\u00fckemmel hizmet taahh\u00fcd\u00fcm\u00fcz\u00fcn bir par\u00e7as\u0131d\u0131r.<\/p>\n\n\n\n<p class=\"has-text-align-center\"><strong>M\u00fc\u015fterilerimize Ada, Liman ve Havaliman\u0131&#8217;n\u0131n t\u00fcm giri\u015f kap\u0131lar\u0131nda hizmet verebiliyoruz.<\/strong><\/p>\n\n\n\n<div class=\"text-center\"><a href=\"https:\/\/rentacar-lesvos.com\/tr\/epikoinonia\/\"><button type=\"button\" class=\"btn btn-primary vrcsearch vrc-pref-color-btn\">Bize ula\u015f\u0131n<\/button><\/a><\/div>\n<\/div>\n<\/div>\n","protected":false},"excerpt":{"rendered":"<p>Aeolian Rent a Car&#8216;da, on y\u0131l\u0131 a\u015fk\u0131n bir s\u00fcredir, ara\u00e7 kiralama bizim i\u00e7in basit bir s\u00fcre\u00e7ten \u00e7ok daha fazlas\u0131 olmu\u015ftur. Bu, m\u00fc\u015fterilerimize pratikte ve ki\u015fisel bir dokunu\u015fla kusursuz bir deneyim sunma f\u0131rsat\u0131m\u0131zd\u0131r. \u0130lk g\u00fcnden beri vizyonumuz sekt\u00f6r\u00fcm\u00fczde en iyisi olmakt\u0131r. Aeolian&#8217;da bu, y\u00fcksek kalite ve g\u00fcvenilirlikte ara\u00e7lar sunarken, her zaman uygun fiyatlarla m\u00fckemmel bir dizi [&#8230;]<\/p>\n<p><a class=\"btn btn-secondary understrap-read-more-link\" href=\"https:\/\/rentacar-lesvos.com\/tr\/schetika-me-emas\/\">Daha fazlas\u0131n\u0131 oku\u2026<span class=\"screen-reader-text\"> from Hakk\u0131m\u0131zda<\/span><\/a><\/p>\n","protected":false},"author":1,"featured_media":0,"parent":0,"menu_order":0,"comment_status":"closed","ping_status":"closed","template":"","meta":{"footnotes":""},"yoast_head":"<!-- This site is optimized with the Yoast SEO plugin v23.4 - https:\/\/yoast.com\/wordpress\/plugins\/seo\/ -->\n<title>Hakk\u0131m\u0131zda - Aeolian Rent a Car, Mytilene Lesvos<\/title>\n<meta name=\"description\" content=\"Aeolian Rent a Car&#039;da, on y\u0131l\u0131 a\u015fk\u0131n bir s\u00fcredir, ara\u00e7 kiralama bizim i\u00e7in basit bir s\u00fcre\u00e7ten \u00e7ok daha fazlas\u0131 olmu\u015ftur. Bu, m\u00fc\u015fterilerimize pratikte ve\" \/>\n<meta name=\"robots\" content=\"index, follow, max-snippet:-1, max-image-preview:large, max-video-preview:-1\" \/>\n<link rel=\"canonical\" href=\"https:\/\/rentacar-lesvos.com\/tr\/schetika-me-emas\/\" \/>\n<meta property=\"og:locale\" content=\"tr_TR\" \/>\n<meta property=\"og:type\" content=\"article\" \/>\n<meta property=\"og:title\" content=\"Hakk\u0131m\u0131zda - Aeolian Rent a Car, Mytilene Lesvos\" \/>\n<meta property=\"og:description\" content=\"Aeolian Rent a Car&#039;da, on y\u0131l\u0131 a\u015fk\u0131n bir s\u00fcredir, ara\u00e7 kiralama bizim i\u00e7in basit bir s\u00fcre\u00e7ten \u00e7ok daha fazlas\u0131 olmu\u015ftur. Bu, m\u00fc\u015fterilerimize pratikte ve\" \/>\n<meta property=\"og:url\" content=\"https:\/\/rentacar-lesvos.com\/tr\/schetika-me-emas\/\" \/>\n<meta property=\"og:site_name\" content=\"\u0395\u03bd\u03bf\u03b9\u03ba\u03af\u03b1\u03c3\u03b7 \u03b1\u03c5\u03c4\u03bf\u03ba\u03b9\u03bd\u03ae\u03c4\u03bf\u03c5 \u03c3\u03c4\u03b7 \u039c\u03c5\u03c4\u03b9\u03bb\u03ae\u03bd\u03b7\" \/>\n<meta property=\"article:publisher\" content=\"https:\/\/www.facebook.com\/profile.php?id=100043677109517\" \/>\n<meta property=\"article:modified_time\" content=\"2024-01-05T07:37:09+00:00\" \/>\n<meta property=\"og:image\" content=\"https:\/\/rentacar-lesvos.com\/wp-content\/uploads\/2023\/06\/rentacar-2-1024x576.jpg\" \/>\n<meta name=\"twitter:card\" content=\"summary_large_image\" \/>\n<meta name=\"twitter:label1\" content=\"Tahmini okuma s\u00fcresi\" \/>\n\t<meta name=\"twitter:data1\" content=\"2 dakika\" \/>\n<script type=\"application\/ld+json\" class=\"yoast-schema-graph\">{\"@context\":\"https:\/\/schema.org\",\"@graph\":[{\"@type\":\"WebPage\",\"@id\":\"https:\/\/rentacar-lesvos.com\/tr\/schetika-me-emas\/\",\"url\":\"https:\/\/rentacar-lesvos.com\/tr\/schetika-me-emas\/\",\"name\":\"Hakk\u0131m\u0131zda - Aeolian Rent a Car, Mytilene Lesvos\",\"isPartOf\":{\"@id\":\"https:\/\/rentacar-lesvos.com\/#website\"},\"primaryImageOfPage\":{\"@id\":\"https:\/\/rentacar-lesvos.com\/tr\/schetika-me-emas\/#primaryimage\"},\"image\":{\"@id\":\"https:\/\/rentacar-lesvos.com\/tr\/schetika-me-emas\/#primaryimage\"},\"thumbnailUrl\":\"https:\/\/rentacar-lesvos.com\/wp-content\/uploads\/2023\/06\/rentacar-2-1024x576.jpg\",\"datePublished\":\"2023-05-24T13:35:57+00:00\",\"dateModified\":\"2024-01-05T07:37:09+00:00\",\"description\":\"Aeolian Rent a Car'da, on y\u0131l\u0131 a\u015fk\u0131n bir s\u00fcredir, ara\u00e7 kiralama bizim i\u00e7in basit bir s\u00fcre\u00e7ten \u00e7ok daha fazlas\u0131 olmu\u015ftur. Bu, m\u00fc\u015fterilerimize pratikte ve\",\"breadcrumb\":{\"@id\":\"https:\/\/rentacar-lesvos.com\/tr\/schetika-me-emas\/#breadcrumb\"},\"inLanguage\":\"tr\",\"potentialAction\":[{\"@type\":\"ReadAction\",\"target\":[\"https:\/\/rentacar-lesvos.com\/tr\/schetika-me-emas\/\"]}]},{\"@type\":\"ImageObject\",\"inLanguage\":\"tr\",\"@id\":\"https:\/\/rentacar-lesvos.com\/tr\/schetika-me-emas\/#primaryimage\",\"url\":\"https:\/\/rentacar-lesvos.com\/wp-content\/uploads\/2023\/06\/rentacar-2-1024x576.jpg\",\"contentUrl\":\"https:\/\/rentacar-lesvos.com\/wp-content\/uploads\/2023\/06\/rentacar-2-1024x576.jpg\"},{\"@type\":\"BreadcrumbList\",\"@id\":\"https:\/\/rentacar-lesvos.com\/tr\/schetika-me-emas\/#breadcrumb\",\"itemListElement\":[{\"@type\":\"ListItem\",\"position\":1,\"name\":\"\u0391\u03c1\u03c7\u03b9\u03ba\u03ae\",\"item\":\"https:\/\/rentacar-lesvos.com\/tr\/\"},{\"@type\":\"ListItem\",\"position\":2,\"name\":\"Hakk\u0131m\u0131zda\"}]},{\"@type\":\"WebSite\",\"@id\":\"https:\/\/rentacar-lesvos.com\/#website\",\"url\":\"https:\/\/rentacar-lesvos.com\/\",\"name\":\"Aeolian Rent a Car\",\"description\":\"\u03a0\u03b1\u03c1\u03ac\u03b4\u03bf\u03c3\u03b7 \u03b5\u03bd\u03bf\u03b9\u03ba\u03b9\u03b1\u03b6\u03cc\u03bc\u03b5\u03bd\u03bf\u03c5 \u03bf\u03c7\u03ae\u03bc\u03b1\u03c4\u03bf\u03c2 \u03c3\u03c4\u03bf \u03b1\u03b5\u03c1\u03bf\u03b4\u03c1\u03cc\u03bc\u03b9\u03bf \u03ba\u03b1\u03b9 \u03c3\u03c4\u03bf \u03bb\u03b9\u03bc\u03ac\u03bd\u03b9 \u03c4\u03b7\u03c2 \u039b\u03b5\u03c3\u03b2\u03bf\u03c5\",\"publisher\":{\"@id\":\"https:\/\/rentacar-lesvos.com\/#organization\"},\"potentialAction\":[{\"@type\":\"SearchAction\",\"target\":{\"@type\":\"EntryPoint\",\"urlTemplate\":\"https:\/\/rentacar-lesvos.com\/?s={search_term_string}\"},\"query-input\":{\"@type\":\"PropertyValueSpecification\",\"valueRequired\":true,\"valueName\":\"search_term_string\"}}],\"inLanguage\":\"tr\"},{\"@type\":\"Organization\",\"@id\":\"https:\/\/rentacar-lesvos.com\/#organization\",\"name\":\"Aeolian Rent a Car\",\"url\":\"https:\/\/rentacar-lesvos.com\/\",\"logo\":{\"@type\":\"ImageObject\",\"inLanguage\":\"tr\",\"@id\":\"https:\/\/rentacar-lesvos.com\/#\/schema\/logo\/image\/\",\"url\":\"https:\/\/rentacar-lesvos.com\/wp-content\/uploads\/2023\/05\/logo-aiolian.png\",\"contentUrl\":\"https:\/\/rentacar-lesvos.com\/wp-content\/uploads\/2023\/05\/logo-aiolian.png\",\"width\":500,\"height\":102,\"caption\":\"Aeolian Rent a Car\"},\"image\":{\"@id\":\"https:\/\/rentacar-lesvos.com\/#\/schema\/logo\/image\/\"},\"sameAs\":[\"https:\/\/www.facebook.com\/profile.php?id=100043677109517\"]}]}<\/script>\n<!-- \/ Yoast SEO plugin. -->","yoast_head_json":{"title":"Hakk\u0131m\u0131zda - Aeolian Rent a Car, Mytilene Lesvos","description":"Aeolian Rent a Car'da, on y\u0131l\u0131 a\u015fk\u0131n bir s\u00fcredir, ara\u00e7 kiralama bizim i\u00e7in basit bir s\u00fcre\u00e7ten \u00e7ok daha fazlas\u0131 olmu\u015ftur. Bu, m\u00fc\u015fterilerimize pratikte ve","robots":{"index":"index","follow":"follow","max-snippet":"max-snippet:-1","max-image-preview":"max-image-preview:large","max-video-preview":"max-video-preview:-1"},"canonical":"https:\/\/rentacar-lesvos.com\/tr\/schetika-me-emas\/","og_locale":"tr_TR","og_type":"article","og_title":"Hakk\u0131m\u0131zda - Aeolian Rent a Car, Mytilene Lesvos","og_description":"Aeolian Rent a Car'da, on y\u0131l\u0131 a\u015fk\u0131n bir s\u00fcredir, ara\u00e7 kiralama bizim i\u00e7in basit bir s\u00fcre\u00e7ten \u00e7ok daha fazlas\u0131 olmu\u015ftur. Bu, m\u00fc\u015fterilerimize pratikte ve","og_url":"https:\/\/rentacar-lesvos.com\/tr\/schetika-me-emas\/","og_site_name":"\u0395\u03bd\u03bf\u03b9\u03ba\u03af\u03b1\u03c3\u03b7 \u03b1\u03c5\u03c4\u03bf\u03ba\u03b9\u03bd\u03ae\u03c4\u03bf\u03c5 \u03c3\u03c4\u03b7 \u039c\u03c5\u03c4\u03b9\u03bb\u03ae\u03bd\u03b7","article_publisher":"https:\/\/www.facebook.com\/profile.php?id=100043677109517","article_modified_time":"2024-01-05T07:37:09+00:00","og_image":[{"url":"https:\/\/rentacar-lesvos.com\/wp-content\/uploads\/2023\/06\/rentacar-2-1024x576.jpg"}],"twitter_card":"summary_large_image","twitter_misc":{"Tahmini okuma s\u00fcresi":"2 dakika"},"schema":{"@context":"https:\/\/schema.org","@graph":[{"@type":"WebPage","@id":"https:\/\/rentacar-lesvos.com\/tr\/schetika-me-emas\/","url":"https:\/\/rentacar-lesvos.com\/tr\/schetika-me-emas\/","name":"Hakk\u0131m\u0131zda - Aeolian Rent a Car, Mytilene Lesvos","isPartOf":{"@id":"https:\/\/rentacar-lesvos.com\/#website"},"primaryImageOfPage":{"@id":"https:\/\/rentacar-lesvos.com\/tr\/schetika-me-emas\/#primaryimage"},"image":{"@id":"https:\/\/rentacar-lesvos.com\/tr\/schetika-me-emas\/#primaryimage"},"thumbnailUrl":"https:\/\/rentacar-lesvos.com\/wp-content\/uploads\/2023\/06\/rentacar-2-1024x576.jpg","datePublished":"2023-05-24T13:35:57+00:00","dateModified":"2024-01-05T07:37:09+00:00","description":"Aeolian Rent a Car'da, on y\u0131l\u0131 a\u015fk\u0131n bir s\u00fcredir, ara\u00e7 kiralama bizim i\u00e7in basit bir s\u00fcre\u00e7ten \u00e7ok daha fazlas\u0131 olmu\u015ftur. Bu, m\u00fc\u015fterilerimize pratikte ve","breadcrumb":{"@id":"https:\/\/rentacar-lesvos.com\/tr\/schetika-me-emas\/#breadcrumb"},"inLanguage":"tr","potentialAction":[{"@type":"ReadAction","target":["https:\/\/rentacar-lesvos.com\/tr\/schetika-me-emas\/"]}]},{"@type":"ImageObject","inLanguage":"tr","@id":"https:\/\/rentacar-lesvos.com\/tr\/schetika-me-emas\/#primaryimage","url":"https:\/\/rentacar-lesvos.com\/wp-content\/uploads\/2023\/06\/rentacar-2-1024x576.jpg","contentUrl":"https:\/\/rentacar-lesvos.com\/wp-content\/uploads\/2023\/06\/rentacar-2-1024x576.jpg"},{"@type":"BreadcrumbList","@id":"https:\/\/rentacar-lesvos.com\/tr\/schetika-me-emas\/#breadcrumb","itemListElement":[{"@type":"ListItem","position":1,"name":"\u0391\u03c1\u03c7\u03b9\u03ba\u03ae","item":"https:\/\/rentacar-lesvos.com\/tr\/"},{"@type":"ListItem","position":2,"name":"Hakk\u0131m\u0131zda"}]},{"@type":"WebSite","@id":"https:\/\/rentacar-lesvos.com\/#website","url":"https:\/\/rentacar-lesvos.com\/","name":"Aeolian Rent a Car","description":"\u03a0\u03b1\u03c1\u03ac\u03b4\u03bf\u03c3\u03b7 \u03b5\u03bd\u03bf\u03b9\u03ba\u03b9\u03b1\u03b6\u03cc\u03bc\u03b5\u03bd\u03bf\u03c5 \u03bf\u03c7\u03ae\u03bc\u03b1\u03c4\u03bf\u03c2 \u03c3\u03c4\u03bf \u03b1\u03b5\u03c1\u03bf\u03b4\u03c1\u03cc\u03bc\u03b9\u03bf \u03ba\u03b1\u03b9 \u03c3\u03c4\u03bf \u03bb\u03b9\u03bc\u03ac\u03bd\u03b9 \u03c4\u03b7\u03c2 \u039b\u03b5\u03c3\u03b2\u03bf\u03c5","publisher":{"@id":"https:\/\/rentacar-lesvos.com\/#organization"},"potentialAction":[{"@type":"SearchAction","target":{"@type":"EntryPoint","urlTemplate":"https:\/\/rentacar-lesvos.com\/?s={search_term_string}"},"query-input":{"@type":"PropertyValueSpecification","valueRequired":true,"valueName":"search_term_string"}}],"inLanguage":"tr"},{"@type":"Organization","@id":"https:\/\/rentacar-lesvos.com\/#organization","name":"Aeolian Rent a Car","url":"https:\/\/rentacar-lesvos.com\/","logo":{"@type":"ImageObject","inLanguage":"tr","@id":"https:\/\/rentacar-lesvos.com\/#\/schema\/logo\/image\/","url":"https:\/\/rentacar-lesvos.com\/wp-content\/uploads\/2023\/05\/logo-aiolian.png","contentUrl":"https:\/\/rentacar-lesvos.com\/wp-content\/uploads\/2023\/05\/logo-aiolian.png","width":500,"height":102,"caption":"Aeolian Rent a Car"},"image":{"@id":"https:\/\/rentacar-lesvos.com\/#\/schema\/logo\/image\/"},"sameAs":["https:\/\/www.facebook.com\/profile.php?id=100043677109517"]}]}},"_links":{"self":[{"href":"https:\/\/rentacar-lesvos.com\/tr\/wp-json\/wp\/v2\/pages\/665"}],"collection":[{"href":"https:\/\/rentacar-lesvos.com\/tr\/wp-json\/wp\/v2\/pages"}],"about":[{"href":"https:\/\/rentacar-lesvos.com\/tr\/wp-json\/wp\/v2\/types\/page"}],"author":[{"embeddable":true,"href":"https:\/\/rentacar-lesvos.com\/tr\/wp-json\/wp\/v2\/users\/1"}],"replies":[{"embeddable":true,"href":"https:\/\/rentacar-lesvos.com\/tr\/wp-json\/wp\/v2\/comments?post=665"}],"version-history":[{"count":1,"href":"https:\/\/rentacar-lesvos.com\/tr\/wp-json\/wp\/v2\/pages\/665\/revisions"}],"predecessor-version":[{"id":668,"href":"https:\/\/rentacar-lesvos.com\/tr\/wp-json\/wp\/v2\/pages\/665\/revisions\/668"}],"wp:attachment":[{"href":"https:\/\/rentacar-lesvos.com\/tr\/wp-json\/wp\/v2\/media?parent=665"}],"curies":[{"name":"wp","href":"https:\/\/api.w.org\/{rel}","templated":true}]}}