{"id":671,"date":"2023-05-26T11:14:21","date_gmt":"2023-05-26T08:14:21","guid":{"rendered":"https:\/\/rentacar-lesvos.com\/epikoinonia\/"},"modified":"2024-01-05T09:44:43","modified_gmt":"2024-01-05T07:44:43","slug":"epikoinonia","status":"publish","type":"page","link":"https:\/\/rentacar-lesvos.com\/tr\/epikoinonia\/","title":{"rendered":"Contact"},"content":{"rendered":"\n<div class=\"wp-block-columns is-layout-flex wp-container-core-columns-layout-1 wp-block-columns-is-layout-flex\">\n<div class=\"wp-block-column contact-box shadow-sm is-layout-flow wp-block-column-is-layout-flow\">\n<div class=\"contact-svg\" style=\"text-align:center;\">\n<svg xmlns=\"http:\/\/www.w3.org\/2000\/svg\" width=\"32\" height=\"32\" fill=\"#F50000\" class=\"bi bi-geo-alt\" viewBox=\"0 0 16 16\">\n  <path d=\"M12.166 8.94c-.524 1.062-1.234 2.12-1.96 3.07A31.493 31.493 0 0 1 8 14.58a31.481 31.481 0 0 1-2.206-2.57c-.726-.95-1.436-2.008-1.96-3.07C3.304 7.867 3 6.862 3 6a5 5 0 0 1 10 0c0 .862-.305 1.867-.834 2.94zM8 16s6-5.686 6-10A6 6 0 0 0 2 6c0 4.314 6 10 6 10z\"\/>\n  <path d=\"M8 8a2 2 0 1 1 0-4 2 2 0 0 1 0 4zm0 1a3 3 0 1 0 0-6 3 3 0 0 0 0 6z\"\/>\n<\/svg>\n<\/div>\n\n\n\n<h5 class=\"wp-block-heading has-text-align-center\"><strong>Adres<\/strong><\/h5>\n\n\n\n<p class=\"has-text-align-center\"><a href=\"https:\/\/goo.gl\/maps\/35vBTjGqdE7JxbSD8\" data-type=\"URL\" data-id=\"https:\/\/goo.gl\/maps\/35vBTjGqdE7JxbSD8\" target=\"_blank\" rel=\"noreferrer noopener\">P. Kountourioti 91C <br> Mytilene &#8211; Lesvos 81100 Greece<\/a><\/p>\n<\/div>\n\n\n\n<div class=\"wp-block-column contact-box shadow-sm is-layout-flow wp-block-column-is-layout-flow\">\n<div class=\"contact-svg\" style=\"text-align:center;\">\n<svg xmlns=\"http:\/\/www.w3.org\/2000\/svg\" width=\"32\" height=\"32\" fill=\"#F50000\" class=\"bi bi-telephone\" viewBox=\"0 0 16 16\">\n  <path d=\"M3.654 1.328a.678.678 0 0 0-1.015-.063L1.605 2.3c-.483.484-.661 1.169-.45 1.77a17.568 17.568 0 0 0 4.168 6.608 17.569 17.569 0 0 0 6.608 4.168c.601.211 1.286.033 1.77-.45l1.034-1.034a.678.678 0 0 0-.063-1.015l-2.307-1.794a.678.678 0 0 0-.58-.122l-2.19.547a1.745 1.745 0 0 1-1.657-.459L5.482 8.062a1.745 1.745 0 0 1-.46-1.657l.548-2.19a.678.678 0 0 0-.122-.58L3.654 1.328zM1.884.511a1.745 1.745 0 0 1 2.612.163L6.29 2.98c.329.423.445.974.315 1.494l-.547 2.19a.678.678 0 0 0 .178.643l2.457 2.457a.678.678 0 0 0 .644.178l2.189-.547a1.745 1.745 0 0 1 1.494.315l2.306 1.794c.829.645.905 1.87.163 2.611l-1.034 1.034c-.74.74-1.846 1.065-2.877.702a18.634 18.634 0 0 1-7.01-4.42 18.634 18.634 0 0 1-4.42-7.009c-.362-1.03-.037-2.137.703-2.877L1.885.511z\"\/>\n<\/svg>\n<\/div>\n\n\n\n<h5 class=\"wp-block-heading has-text-align-center\"><strong>Telefon<\/strong><\/h5>\n\n\n\n<p class=\"has-text-align-center\">Office : <a href=\"tel:30 2251040801\" data-type=\"tel\" data-id=\"tel:30 2251040801\">+30 2251040801<\/a><\/p>\n\n\n\n<p class=\"has-text-align-center\">Mobile : <a href=\"tel:+306979914156\" data-type=\"tel\" data-id=\"tel:+306979914156\">+306979914156<\/a><\/p>\n<\/div>\n\n\n\n<div class=\"wp-block-column contact-box shadow-sm is-layout-flow wp-block-column-is-layout-flow\">\n<div class=\"contact-svg\" style=\"text-align:center;\">\n<svg xmlns=\"http:\/\/www.w3.org\/2000\/svg\" width=\"32\" height=\"32\" fill=\"#F50000\" class=\"bi bi-envelope\" viewBox=\"0 0 16 16\">\n  <path d=\"M0 4a2 2 0 0 1 2-2h12a2 2 0 0 1 2 2v8a2 2 0 0 1-2 2H2a2 2 0 0 1-2-2V4Zm2-1a1 1 0 0 0-1 1v.217l7 4.2 7-4.2V4a1 1 0 0 0-1-1H2Zm13 2.383-4.708 2.825L15 11.105V5.383Zm-.034 6.876-5.64-3.471L8 9.583l-1.326-.795-5.64 3.47A1 1 0 0 0 2 13h12a1 1 0 0 0 .966-.741ZM1 11.105l4.708-2.897L1 5.383v5.722Z\"\/>\n<\/svg>\n<\/div>\n\n\n\n<h5 class=\"wp-block-heading has-text-align-center\"><strong>Email<\/strong><\/h5>\n\n\n\n<p class=\"has-text-align-center\"><a href=\"mailto:fairlad@otenet.gr\">fairlad@otenet.gr<\/a><\/p>\n<\/div>\n<\/div>\n\n\n\n<p class=\"has-text-align-center\">Feel free to contact us with any question. We will be happy to help you<\/p>\n\n\n\n<div class=\"wp-block-columns about-us-block is-layout-flex wp-container-core-columns-layout-2 wp-block-columns-is-layout-flex\">\n<div class=\"wp-block-column is-layout-flow wp-block-column-is-layout-flow\">\n<div class=\"wpcf7 no-js\" id=\"wpcf7-f401-o1\" lang=\"en-US\" dir=\"ltr\">\n<div class=\"screen-reader-response\"><p role=\"status\" aria-live=\"polite\" aria-atomic=\"true\"><\/p> <ul><\/ul><\/div>\n<form action=\"\/tr\/wp-json\/wp\/v2\/pages\/671#wpcf7-f401-o1\" method=\"post\" class=\"wpcf7-form init\" aria-label=\"Contact form\" novalidate=\"novalidate\" data-status=\"init\">\n<div style=\"display: none;\">\n<input type=\"hidden\" name=\"_wpcf7\" value=\"401\" \/>\n<input type=\"hidden\" name=\"_wpcf7_version\" value=\"5.9.8\" \/>\n<input type=\"hidden\" name=\"_wpcf7_locale\" value=\"en_US\" \/>\n<input type=\"hidden\" name=\"_wpcf7_unit_tag\" value=\"wpcf7-f401-o1\" \/>\n<input type=\"hidden\" name=\"_wpcf7_container_post\" value=\"0\" \/>\n<input type=\"hidden\" name=\"_wpcf7_posted_data_hash\" value=\"\" \/>\n<\/div>\n<div class=\"row\">\n\t<div class=\"col\">\n\t\t<p><span class=\"wpcf7-form-control-wrap\" data-name=\"text-567\"><input size=\"40\" maxlength=\"400\" class=\"wpcf7-form-control wpcf7-text wpcf7-validates-as-required form-control\" aria-required=\"true\" aria-invalid=\"false\" placeholder=\"Name*\" value=\"\" type=\"text\" name=\"text-567\" \/><\/span>\n\t\t<\/p>\n\t<\/div>\n<\/div>\n<div class=\"row\">\n\t<div class=\"col\">\n\t\t<p><span class=\"wpcf7-form-control-wrap\" data-name=\"text-170\"><input size=\"40\" maxlength=\"400\" class=\"wpcf7-form-control wpcf7-text wpcf7-validates-as-required form-control\" aria-required=\"true\" aria-invalid=\"false\" placeholder=\"Phone number*\" value=\"\" type=\"text\" name=\"text-170\" \/><\/span>\n\t\t<\/p>\n\t<\/div>\n<\/div>\n<div class=\"row\">\n\t<div class=\"col\">\n\t\t<p><span class=\"wpcf7-form-control-wrap\" data-name=\"email-696\"><input size=\"40\" maxlength=\"400\" class=\"wpcf7-form-control wpcf7-email wpcf7-validates-as-required wpcf7-text wpcf7-validates-as-email form-control\" aria-required=\"true\" aria-invalid=\"false\" placeholder=\"Email*\" value=\"\" type=\"email\" name=\"email-696\" \/><\/span>\n\t\t<\/p>\n\t<\/div>\n<\/div>\n<div class=\"row\">\n\t<div class=\"col\">\n\t\t<p><span class=\"wpcf7-form-control-wrap\" data-name=\"textarea-284\"><textarea cols=\"40\" rows=\"10\" maxlength=\"2000\" class=\"wpcf7-form-control wpcf7-textarea form-control\" aria-invalid=\"false\" placeholder=\"Message\" name=\"textarea-284\"><\/textarea><\/span>\n\t\t<\/p>\n\t<\/div>\n<\/div>\n<p><span class=\"wpcf7-form-control-wrap\" data-name=\"acceptance-383\"><span class=\"wpcf7-form-control wpcf7-acceptance\"><span class=\"wpcf7-list-item\"><label><input type=\"checkbox\" name=\"acceptance-383\" value=\"1\" aria-invalid=\"false\" \/><span class=\"wpcf7-list-item-label\">I have read and accept the Terms of Use*<\/span><\/label><\/span><\/span><\/span>\n<\/p>\n<p><input class=\"wpcf7-form-control wpcf7-submit has-spinner\" type=\"submit\" value=\"Submit\" \/>\n<\/p><div class=\"wpcf7-response-output\" aria-hidden=\"true\"><\/div>\n<\/form>\n<\/div>\n\n<\/div>\n\n\n\n<div class=\"wp-block-column is-layout-flow wp-block-column-is-layout-flow\">\n<div class=\"google-maps\">\n<iframe src=\"https:\/\/www.google.com\/maps\/embed?pb=!1m14!1m8!1m3!1d2603.4872497588008!2d26.55887238080189!3d39.104522158805324!3m2!1i1024!2i768!4f13.1!3m3!1m2!1s0x14ba6709ee396a91%3A0xb7472dce8e1871e3!2sAeolian%20rent%20a%20car!5e0!3m2!1sen!2sgr!4v1686231685442!5m2!1sen!2sgr\" width=\"600\" height=\"450\" style=\"border:0;\" allowfullscreen=\"\" loading=\"lazy\" referrerpolicy=\"no-referrer-when-downgrade\"><\/iframe>\n<\/div>\n<\/div>\n<\/div>\n\n\n\n<div style=\"height:2em\" aria-hidden=\"true\" class=\"wp-block-spacer\"><\/div>\n","protected":false},"excerpt":{"rendered":"<p>Adres P. Kountourioti 91C Mytilene &#8211; Lesvos 81100 Greece Telefon Office : +30 2251040801 Mobile : +306979914156 Email fairlad@otenet.gr Feel free to contact us with any question. We will be happy to help you [&#8230;]<\/p>\n<p><a class=\"btn btn-secondary understrap-read-more-link\" href=\"https:\/\/rentacar-lesvos.com\/tr\/epikoinonia\/\">Daha fazlas\u0131n\u0131 oku\u2026<span class=\"screen-reader-text\"> from Contact<\/span><\/a><\/p>\n","protected":false},"author":1,"featured_media":0,"parent":0,"menu_order":0,"comment_status":"closed","ping_status":"closed","template":"","meta":{"footnotes":""},"yoast_head":"<!-- This site is optimized with the Yoast SEO plugin v23.4 - https:\/\/yoast.com\/wordpress\/plugins\/seo\/ -->\n<title>Contact - Aeolian Rent a Car, Mytilene Lesvos<\/title>\n<meta name=\"description\" content=\"Aeolian Rent a Car - Bize ula\u015f\u0131n veya online rezervasyon yap\u0131n. Adres P. Kountourioti 91C Mytilene - Lesvos 81100 Greece Telefon Office : +30 2251040801 Mobile : +306979914156 Email fairlad@otenet.gr Feel free to\" \/>\n<meta name=\"robots\" content=\"index, follow, max-snippet:-1, max-image-preview:large, max-video-preview:-1\" \/>\n<link rel=\"canonical\" href=\"https:\/\/rentacar-lesvos.com\/tr\/epikoinonia\/\" \/>\n<meta property=\"og:locale\" content=\"tr_TR\" \/>\n<meta property=\"og:type\" content=\"article\" \/>\n<meta property=\"og:title\" content=\"Contact - Aeolian Rent a Car, Mytilene Lesvos\" \/>\n<meta property=\"og:description\" content=\"Aeolian Rent a Car - Bize ula\u015f\u0131n veya online rezervasyon yap\u0131n. Adres P. Kountourioti 91C Mytilene - Lesvos 81100 Greece Telefon Office : +30 2251040801 Mobile : +306979914156 Email fairlad@otenet.gr Feel free to\" \/>\n<meta property=\"og:url\" content=\"https:\/\/rentacar-lesvos.com\/tr\/epikoinonia\/\" \/>\n<meta property=\"og:site_name\" content=\"\u0395\u03bd\u03bf\u03b9\u03ba\u03af\u03b1\u03c3\u03b7 \u03b1\u03c5\u03c4\u03bf\u03ba\u03b9\u03bd\u03ae\u03c4\u03bf\u03c5 \u03c3\u03c4\u03b7 \u039c\u03c5\u03c4\u03b9\u03bb\u03ae\u03bd\u03b7\" \/>\n<meta property=\"article:publisher\" content=\"https:\/\/www.facebook.com\/profile.php?id=100043677109517\" \/>\n<meta property=\"article:modified_time\" content=\"2024-01-05T07:44:43+00:00\" \/>\n<meta name=\"twitter:card\" content=\"summary_large_image\" \/>\n<meta name=\"twitter:label1\" content=\"Tahmini okuma s\u00fcresi\" \/>\n\t<meta name=\"twitter:data1\" content=\"1 dakika\" \/>\n<script type=\"application\/ld+json\" class=\"yoast-schema-graph\">{\"@context\":\"https:\/\/schema.org\",\"@graph\":[{\"@type\":\"WebPage\",\"@id\":\"https:\/\/rentacar-lesvos.com\/tr\/epikoinonia\/\",\"url\":\"https:\/\/rentacar-lesvos.com\/tr\/epikoinonia\/\",\"name\":\"Contact - Aeolian Rent a Car, Mytilene Lesvos\",\"isPartOf\":{\"@id\":\"https:\/\/rentacar-lesvos.com\/#website\"},\"datePublished\":\"2023-05-26T08:14:21+00:00\",\"dateModified\":\"2024-01-05T07:44:43+00:00\",\"description\":\"Aeolian Rent a Car - Bize ula\u015f\u0131n veya online rezervasyon yap\u0131n. Adres P. Kountourioti 91C Mytilene - Lesvos 81100 Greece Telefon Office : +30 2251040801 Mobile : +306979914156 Email fairlad@otenet.gr Feel free to\",\"breadcrumb\":{\"@id\":\"https:\/\/rentacar-lesvos.com\/tr\/epikoinonia\/#breadcrumb\"},\"inLanguage\":\"tr\",\"potentialAction\":[{\"@type\":\"ReadAction\",\"target\":[\"https:\/\/rentacar-lesvos.com\/tr\/epikoinonia\/\"]}]},{\"@type\":\"BreadcrumbList\",\"@id\":\"https:\/\/rentacar-lesvos.com\/tr\/epikoinonia\/#breadcrumb\",\"itemListElement\":[{\"@type\":\"ListItem\",\"position\":1,\"name\":\"\u0391\u03c1\u03c7\u03b9\u03ba\u03ae\",\"item\":\"https:\/\/rentacar-lesvos.com\/tr\/\"},{\"@type\":\"ListItem\",\"position\":2,\"name\":\"Contact\"}]},{\"@type\":\"WebSite\",\"@id\":\"https:\/\/rentacar-lesvos.com\/#website\",\"url\":\"https:\/\/rentacar-lesvos.com\/\",\"name\":\"Aeolian Rent a Car\",\"description\":\"\u03a0\u03b1\u03c1\u03ac\u03b4\u03bf\u03c3\u03b7 \u03b5\u03bd\u03bf\u03b9\u03ba\u03b9\u03b1\u03b6\u03cc\u03bc\u03b5\u03bd\u03bf\u03c5 \u03bf\u03c7\u03ae\u03bc\u03b1\u03c4\u03bf\u03c2 \u03c3\u03c4\u03bf \u03b1\u03b5\u03c1\u03bf\u03b4\u03c1\u03cc\u03bc\u03b9\u03bf \u03ba\u03b1\u03b9 \u03c3\u03c4\u03bf \u03bb\u03b9\u03bc\u03ac\u03bd\u03b9 \u03c4\u03b7\u03c2 \u039b\u03b5\u03c3\u03b2\u03bf\u03c5\",\"publisher\":{\"@id\":\"https:\/\/rentacar-lesvos.com\/#organization\"},\"potentialAction\":[{\"@type\":\"SearchAction\",\"target\":{\"@type\":\"EntryPoint\",\"urlTemplate\":\"https:\/\/rentacar-lesvos.com\/?s={search_term_string}\"},\"query-input\":{\"@type\":\"PropertyValueSpecification\",\"valueRequired\":true,\"valueName\":\"search_term_string\"}}],\"inLanguage\":\"tr\"},{\"@type\":\"Organization\",\"@id\":\"https:\/\/rentacar-lesvos.com\/#organization\",\"name\":\"Aeolian Rent a Car\",\"url\":\"https:\/\/rentacar-lesvos.com\/\",\"logo\":{\"@type\":\"ImageObject\",\"inLanguage\":\"tr\",\"@id\":\"https:\/\/rentacar-lesvos.com\/#\/schema\/logo\/image\/\",\"url\":\"https:\/\/rentacar-lesvos.com\/wp-content\/uploads\/2023\/05\/logo-aiolian.png\",\"contentUrl\":\"https:\/\/rentacar-lesvos.com\/wp-content\/uploads\/2023\/05\/logo-aiolian.png\",\"width\":500,\"height\":102,\"caption\":\"Aeolian Rent a Car\"},\"image\":{\"@id\":\"https:\/\/rentacar-lesvos.com\/#\/schema\/logo\/image\/\"},\"sameAs\":[\"https:\/\/www.facebook.com\/profile.php?id=100043677109517\"]}]}<\/script>\n<!-- \/ Yoast SEO plugin. -->","yoast_head_json":{"title":"Contact - Aeolian Rent a Car, Mytilene Lesvos","description":"Aeolian Rent a Car - Bize ula\u015f\u0131n veya online rezervasyon yap\u0131n. Adres P. Kountourioti 91C Mytilene - Lesvos 81100 Greece Telefon Office : +30 2251040801 Mobile : +306979914156 Email fairlad@otenet.gr Feel free to","robots":{"index":"index","follow":"follow","max-snippet":"max-snippet:-1","max-image-preview":"max-image-preview:large","max-video-preview":"max-video-preview:-1"},"canonical":"https:\/\/rentacar-lesvos.com\/tr\/epikoinonia\/","og_locale":"tr_TR","og_type":"article","og_title":"Contact - Aeolian Rent a Car, Mytilene Lesvos","og_description":"Aeolian Rent a Car - Bize ula\u015f\u0131n veya online rezervasyon yap\u0131n. Adres P. Kountourioti 91C Mytilene - Lesvos 81100 Greece Telefon Office : +30 2251040801 Mobile : +306979914156 Email fairlad@otenet.gr Feel free to","og_url":"https:\/\/rentacar-lesvos.com\/tr\/epikoinonia\/","og_site_name":"\u0395\u03bd\u03bf\u03b9\u03ba\u03af\u03b1\u03c3\u03b7 \u03b1\u03c5\u03c4\u03bf\u03ba\u03b9\u03bd\u03ae\u03c4\u03bf\u03c5 \u03c3\u03c4\u03b7 \u039c\u03c5\u03c4\u03b9\u03bb\u03ae\u03bd\u03b7","article_publisher":"https:\/\/www.facebook.com\/profile.php?id=100043677109517","article_modified_time":"2024-01-05T07:44:43+00:00","twitter_card":"summary_large_image","twitter_misc":{"Tahmini okuma s\u00fcresi":"1 dakika"},"schema":{"@context":"https:\/\/schema.org","@graph":[{"@type":"WebPage","@id":"https:\/\/rentacar-lesvos.com\/tr\/epikoinonia\/","url":"https:\/\/rentacar-lesvos.com\/tr\/epikoinonia\/","name":"Contact - Aeolian Rent a Car, Mytilene Lesvos","isPartOf":{"@id":"https:\/\/rentacar-lesvos.com\/#website"},"datePublished":"2023-05-26T08:14:21+00:00","dateModified":"2024-01-05T07:44:43+00:00","description":"Aeolian Rent a Car - Bize ula\u015f\u0131n veya online rezervasyon yap\u0131n. Adres P. Kountourioti 91C Mytilene - Lesvos 81100 Greece Telefon Office : +30 2251040801 Mobile : +306979914156 Email fairlad@otenet.gr Feel free to","breadcrumb":{"@id":"https:\/\/rentacar-lesvos.com\/tr\/epikoinonia\/#breadcrumb"},"inLanguage":"tr","potentialAction":[{"@type":"ReadAction","target":["https:\/\/rentacar-lesvos.com\/tr\/epikoinonia\/"]}]},{"@type":"BreadcrumbList","@id":"https:\/\/rentacar-lesvos.com\/tr\/epikoinonia\/#breadcrumb","itemListElement":[{"@type":"ListItem","position":1,"name":"\u0391\u03c1\u03c7\u03b9\u03ba\u03ae","item":"https:\/\/rentacar-lesvos.com\/tr\/"},{"@type":"ListItem","position":2,"name":"Contact"}]},{"@type":"WebSite","@id":"https:\/\/rentacar-lesvos.com\/#website","url":"https:\/\/rentacar-lesvos.com\/","name":"Aeolian Rent a Car","description":"\u03a0\u03b1\u03c1\u03ac\u03b4\u03bf\u03c3\u03b7 \u03b5\u03bd\u03bf\u03b9\u03ba\u03b9\u03b1\u03b6\u03cc\u03bc\u03b5\u03bd\u03bf\u03c5 \u03bf\u03c7\u03ae\u03bc\u03b1\u03c4\u03bf\u03c2 \u03c3\u03c4\u03bf \u03b1\u03b5\u03c1\u03bf\u03b4\u03c1\u03cc\u03bc\u03b9\u03bf \u03ba\u03b1\u03b9 \u03c3\u03c4\u03bf \u03bb\u03b9\u03bc\u03ac\u03bd\u03b9 \u03c4\u03b7\u03c2 \u039b\u03b5\u03c3\u03b2\u03bf\u03c5","publisher":{"@id":"https:\/\/rentacar-lesvos.com\/#organization"},"potentialAction":[{"@type":"SearchAction","target":{"@type":"EntryPoint","urlTemplate":"https:\/\/rentacar-lesvos.com\/?s={search_term_string}"},"query-input":{"@type":"PropertyValueSpecification","valueRequired":true,"valueName":"search_term_string"}}],"inLanguage":"tr"},{"@type":"Organization","@id":"https:\/\/rentacar-lesvos.com\/#organization","name":"Aeolian Rent a Car","url":"https:\/\/rentacar-lesvos.com\/","logo":{"@type":"ImageObject","inLanguage":"tr","@id":"https:\/\/rentacar-lesvos.com\/#\/schema\/logo\/image\/","url":"https:\/\/rentacar-lesvos.com\/wp-content\/uploads\/2023\/05\/logo-aiolian.png","contentUrl":"https:\/\/rentacar-lesvos.com\/wp-content\/uploads\/2023\/05\/logo-aiolian.png","width":500,"height":102,"caption":"Aeolian Rent a Car"},"image":{"@id":"https:\/\/rentacar-lesvos.com\/#\/schema\/logo\/image\/"},"sameAs":["https:\/\/www.facebook.com\/profile.php?id=100043677109517"]}]}},"_links":{"self":[{"href":"https:\/\/rentacar-lesvos.com\/tr\/wp-json\/wp\/v2\/pages\/671"}],"collection":[{"href":"https:\/\/rentacar-lesvos.com\/tr\/wp-json\/wp\/v2\/pages"}],"about":[{"href":"https:\/\/rentacar-lesvos.com\/tr\/wp-json\/wp\/v2\/types\/page"}],"author":[{"embeddable":true,"href":"https:\/\/rentacar-lesvos.com\/tr\/wp-json\/wp\/v2\/users\/1"}],"replies":[{"embeddable":true,"href":"https:\/\/rentacar-lesvos.com\/tr\/wp-json\/wp\/v2\/comments?post=671"}],"version-history":[{"count":2,"href":"https:\/\/rentacar-lesvos.com\/tr\/wp-json\/wp\/v2\/pages\/671\/revisions"}],"predecessor-version":[{"id":674,"href":"https:\/\/rentacar-lesvos.com\/tr\/wp-json\/wp\/v2\/pages\/671\/revisions\/674"}],"wp:attachment":[{"href":"https:\/\/rentacar-lesvos.com\/tr\/wp-json\/wp\/v2\/media?parent=671"}],"curies":[{"name":"wp","href":"https:\/\/api.w.org\/{rel}","templated":true}]}}